{"id":379,"date":"2023-02-08T17:15:22","date_gmt":"2023-02-08T16:15:22","guid":{"rendered":"https:\/\/www.lamandala.at\/?page_id=379"},"modified":"2026-03-20T18:21:08","modified_gmt":"2026-03-20T17:21:08","slug":"current-exhibitions","status":"publish","type":"page","link":"https:\/\/www.lamandala.at\/?page_id=379","title":{"rendered":"Exhibitions&#038;Partnerships"},"content":{"rendered":"\n<div class=\"wp-block-media-text is-stacked-on-mobile\" style=\"grid-template-columns:20% auto\"><figure class=\"wp-block-media-text__media\"><img loading=\"lazy\" decoding=\"async\" width=\"484\" height=\"188\" src=\"https:\/\/www.lamandala.at\/wp-content\/uploads\/2025\/11\/screenshot-69_GaVsH87i.png\" alt=\"\" class=\"wp-image-2526 size-full\" srcset=\"https:\/\/www.lamandala.at\/wp-content\/uploads\/2025\/11\/screenshot-69_GaVsH87i.png 484w, https:\/\/www.lamandala.at\/wp-content\/uploads\/2025\/11\/screenshot-69_GaVsH87i-300x117.png 300w\" sizes=\"auto, (max-width: 484px) 100vw, 484px\" \/><\/figure><div class=\"wp-block-media-text__content\">\n<p class=\"has-small-font-size\">Vertreten durch Contemplor Galerie Kalvarienberggasse 46\/1170 Wien<\/p>\n<\/div><\/div>\n\n\n\n<div class=\"wp-block-media-text is-stacked-on-mobile\" style=\"grid-template-columns:21% auto\"><figure class=\"wp-block-media-text__media\"><img loading=\"lazy\" decoding=\"async\" width=\"281\" height=\"140\" src=\"https:\/\/www.lamandala.at\/wp-content\/uploads\/2025\/11\/screenshot-68_AaHZAVSB-1.png\" alt=\"\" class=\"wp-image-2527 size-full\"\/><\/figure><div class=\"wp-block-media-text__content\">\n<p class=\"has-small-font-size\">Mitglied der Kulturvernetzung N\u00d6 <\/p>\n\n\n\n<p class=\"has-small-font-size\"><a href=\"https:\/\/www.kulturvernetzung.at\/de\/lamandala\/\">https:\/\/www.kulturvernetzung.at\/de\/lamandala\/<\/a><\/p>\n<\/div><\/div>\n\n\n\n<div class=\"wp-block-media-text is-stacked-on-mobile\" style=\"grid-template-columns:18% auto\"><figure class=\"wp-block-media-text__media\"><img loading=\"lazy\" decoding=\"async\" width=\"1024\" height=\"555\" src=\"https:\/\/www.lamandala.at\/wp-content\/uploads\/2024\/02\/regionimnetz_Klick_schmal_Logo-1024x555.jpg\" alt=\"\" class=\"wp-image-1670 size-full\" srcset=\"https:\/\/www.lamandala.at\/wp-content\/uploads\/2024\/02\/regionimnetz_Klick_schmal_Logo-1024x555.jpg 1024w, https:\/\/www.lamandala.at\/wp-content\/uploads\/2024\/02\/regionimnetz_Klick_schmal_Logo-300x163.jpg 300w, https:\/\/www.lamandala.at\/wp-content\/uploads\/2024\/02\/regionimnetz_Klick_schmal_Logo-768x416.jpg 768w, https:\/\/www.lamandala.at\/wp-content\/uploads\/2024\/02\/regionimnetz_Klick_schmal_Logo-1536x833.jpg 1536w, https:\/\/www.lamandala.at\/wp-content\/uploads\/2024\/02\/regionimnetz_Klick_schmal_Logo-2048x1110.jpg 2048w\" sizes=\"auto, (max-width: 767px) 89vw, (max-width: 1000px) 54vw, (max-width: 1071px) 543px, 580px\" \/><\/figure><div class=\"wp-block-media-text__content\">\n<p class=\"has-small-font-size\">In Partnerschaft mit <em>Region im Netz<\/em><\/p>\n\n\n\n<p class=\"has-small-font-size\"><a href=\"https:\/\/www.region-im-netz.at\/haendler\/la-manda-luminescent\" target=\"_blank\" rel=\"noreferrer noopener\">https:\/\/www.region-im-netz.at\/haendler\/la-manda-luminescent<\/a><\/p>\n<\/div><\/div>\n\n\n\n<div class=\"wp-block-media-text is-stacked-on-mobile\" style=\"grid-template-columns:22% auto\"><figure class=\"wp-block-media-text__media\"><img loading=\"lazy\" decoding=\"async\" width=\"533\" height=\"208\" src=\"https:\/\/www.lamandala.at\/wp-content\/uploads\/2025\/11\/screenshot-67_Fa9pV4yV.png\" alt=\"\" class=\"wp-image-2520 size-full\" srcset=\"https:\/\/www.lamandala.at\/wp-content\/uploads\/2025\/11\/screenshot-67_Fa9pV4yV.png 533w, https:\/\/www.lamandala.at\/wp-content\/uploads\/2025\/11\/screenshot-67_Fa9pV4yV-300x117.png 300w\" sizes=\"auto, (max-width: 533px) 100vw, 533px\" \/><\/figure><div class=\"wp-block-media-text__content\">\n<p class=\"has-small-font-size\"><em>Vertreten in WinStage online Galerie<\/em> <\/p>\n\n\n\n<p class=\"has-small-font-size\"><a href=\"https:\/\/winstage.at\/kunstler\/la-manda-luminescent\/\">https:\/\/winstage.at\/kunstler\/la-manda-luminescent\/<\/a><\/p>\n<\/div><\/div>\n\n\n\n<figure class=\"wp-block-image size-large\"><img loading=\"lazy\" decoding=\"async\" width=\"2048\" height=\"1536\" src=\"https:\/\/www.lamandala.at\/wp-content\/uploads\/2026\/02\/inshot-20260209-121301863_FkIMi6sX-edited.jpg\" alt=\"\" class=\"wp-image-2633\" srcset=\"https:\/\/www.lamandala.at\/wp-content\/uploads\/2026\/02\/inshot-20260209-121301863_FkIMi6sX-edited.jpg 2048w, https:\/\/www.lamandala.at\/wp-content\/uploads\/2026\/02\/inshot-20260209-121301863_FkIMi6sX-edited-300x225.jpg 300w, https:\/\/www.lamandala.at\/wp-content\/uploads\/2026\/02\/inshot-20260209-121301863_FkIMi6sX-edited-1024x768.jpg 1024w, https:\/\/www.lamandala.at\/wp-content\/uploads\/2026\/02\/inshot-20260209-121301863_FkIMi6sX-edited-768x576.jpg 768w, https:\/\/www.lamandala.at\/wp-content\/uploads\/2026\/02\/inshot-20260209-121301863_FkIMi6sX-edited-1536x1152.jpg 1536w\" sizes=\"auto, (max-width: 767px) 89vw, (max-width: 1000px) 54vw, (max-width: 1071px) 543px, 580px\" \/><\/figure>\n\n\n\n<details class=\"wp-block-details is-layout-flow wp-block-details-is-layout-flow\"><summary><strong>Folge dem wei\u00dfen Kaninchen in das Erlebnis Lichtkunst!&nbsp;<\/strong>\ud83d\udc07<br>Am&nbsp;<strong>Freitag, den 03.04.2026<\/strong>&nbsp;, wird es dunkel in WinStage. Keine Scheinwerfer, keine Fluter &#8211; nur du, eine UV-Taschenlampe und 2.000 m\u00b2 voller Geheimnisse.<\/summary>\n<p><strong>\ud83d\udd26 SPECIAL EVENT: Die Hasenjagd \ud83d\udd26<\/strong>&nbsp;Freitag der 13. war voller Zauber, deshalb wiederholen wir dieses sch\u00f6ne Event! Schnapp dir eine unserer UV-Taschenlampen und werde zum &#8220;Gl\u00fchw\u00fcrmchen&#8221;:<\/p>\n\n\n\n<p><strong>\ud83d\udd75 Deine Mission:<\/strong>&nbsp;Finde die wei\u00dfen Kaninchen, die La Manda Luminescent versteckt hat.<br><strong>\ud83c\udf81 Der Lohn:<\/strong>&nbsp;Wer die richtige Anzahl z\u00e4hlt, nimmt eine&nbsp;<strong>leuchtende \u00dcberraschung<\/strong>&nbsp;mit nach Hause!<\/p>\n\n\n\n<p><strong>\ud83e\udd42 Cheers:<\/strong>&nbsp;Zur Einstimmung auf die dunkle Reise geht das erste Glas&nbsp;<strong>Prosecco auf uns!<br><br>Komm vorbei und sieh die Kunst mit anderen Augen!<\/strong><\/p>\n\n\n\n<p>\ud83d\uddd3&nbsp;<strong>WANN?<\/strong>&nbsp;Freitag, 03.04.2026 \u23f0 16:30 \u2013 18:00 Uhr<br>\ud83d\udccd<strong>WO?&nbsp;<\/strong>WinStage \u2013 The New Home of Art (WINPARK Wiener Neustadt)<br>Anfahrtstipp: GoogleMaps: WinStage anstatt der Adresse eingeben !<\/p>\n\n\n\n<p><strong>Eintritt frei.&nbsp;<\/strong><\/p>\n<\/details>\n\n\n\n<h2 class=\"wp-block-heading has-text-align-center\"><strong>Natuzzi Austria<\/strong><\/h2>\n\n\n\n<figure class=\"wp-block-image\"><img loading=\"lazy\" decoding=\"async\" width=\"1024\" height=\"461\" src=\"https:\/\/www.lamandala.at\/wp-content\/uploads\/2025\/11\/20251023_121840-1024x461.jpg\" alt=\"\" class=\"wp-image-2521\" srcset=\"https:\/\/www.lamandala.at\/wp-content\/uploads\/2025\/11\/20251023_121840-1024x461.jpg 1024w, https:\/\/www.lamandala.at\/wp-content\/uploads\/2025\/11\/20251023_121840-300x135.jpg 300w, https:\/\/www.lamandala.at\/wp-content\/uploads\/2025\/11\/20251023_121840-768x346.jpg 768w, https:\/\/www.lamandala.at\/wp-content\/uploads\/2025\/11\/20251023_121840-1536x692.jpg 1536w, https:\/\/www.lamandala.at\/wp-content\/uploads\/2025\/11\/20251023_121840-2048x922.jpg 2048w\" sizes=\"auto, (max-width: 767px) 89vw, (max-width: 1000px) 54vw, (max-width: 1071px) 543px, 580px\" \/><\/figure>\n\n\n\n<p><strong>Natuzzi\u202fItalia Concept Store<\/strong> Mahlerstra\u00dfe\u202f7\/ 1010\u202fWien <\/p>\n\n\n\n<details class=\"wp-block-details is-layout-flow wp-block-details-is-layout-flow\"><summary>Paintings at Natuzzi!<\/summary>\n<p>Visit any time during the opening hours:<\/p>\n\n\n\n<ul class=\"wp-block-list\">\n<li><strong>Monday<\/strong>: 10:00\u202f\u2013\u202f18:00<\/li>\n\n\n\n<li><strong>Tuesday<\/strong>: 10:00\u202f\u2013\u202f18:00<\/li>\n\n\n\n<li><strong>Wednesday<\/strong>: 10:00\u202f\u2013\u202f18:00<\/li>\n\n\n\n<li><strong>Thursday<\/strong>: 10:00\u202f\u2013\u202f18:00<\/li>\n\n\n\n<li><strong>Friday<\/strong>: 10:00\u202f\u2013\u202f18:00<\/li>\n\n\n\n<li><strong>Saturday<\/strong>: 10:00\u202f\u2013\u202f17:00<\/li>\n<\/ul>\n<\/details>\n\n\n\n<div class=\"wp-block-columns is-layout-flex wp-container-core-columns-is-layout-1 wp-block-columns-is-layout-flex\">\n<div class=\"wp-block-column is-layout-flow wp-block-column-is-layout-flow\">\n<h2 class=\"wp-block-heading has-text-align-center has-medium-font-size\"><strong>SENFT<\/strong><\/h2>\n\n\n\n<p class=\"has-text-align-center has-small-font-size\">Seit mehr als einem Jahrhundert \u00fcberzeugt die&nbsp;SENFT Unternehmensgruppe Kunden und Gesch\u00e4ftspartner mit&nbsp;un\u00fcbertroffener, handwerklicher Qualit\u00e4t.&nbsp;<\/p>\n\n\n\n<p class=\"has-text-align-center has-small-font-size\">Neben dem Angebot an Sicherheitstechnik wie T\u00fcrschl\u00f6ssern, Schlie\u00dfanlagen, elektronischen Sicherungssystemen und Tresoren k\u00f6nnen wir Ihnen in unserer eigenen Stahlbauwerkst\u00e4tte auf Ihre Bed\u00fcrfnisse abgestimmte Sicherheitst\u00fcren und Vergitterungen sowie Gewichtsschlosserarbeiten und Portalbau in Stahl und NIRO anbieten, fertigen und montieren. Weiters produzieren wir standardisierte wie auch individuelle Messingbeschl\u00e4ge.<\/p>\n\n\n<div class=\"wp-block-image\">\n<figure class=\"aligncenter is-resized\"><a href=\"https:\/\/www.senft.co.at\/\"><img loading=\"lazy\" decoding=\"async\" width=\"1024\" height=\"801\" src=\"https:\/\/www.lamandala.at\/wp-content\/uploads\/2023\/02\/Screenshot_20221231-142926_Facebook-1-1024x801.jpg\" alt=\"\" class=\"wp-image-550\" style=\"width:305px;height:auto\" srcset=\"https:\/\/www.lamandala.at\/wp-content\/uploads\/2023\/02\/Screenshot_20221231-142926_Facebook-1-1024x801.jpg 1024w, https:\/\/www.lamandala.at\/wp-content\/uploads\/2023\/02\/Screenshot_20221231-142926_Facebook-1-300x235.jpg 300w, https:\/\/www.lamandala.at\/wp-content\/uploads\/2023\/02\/Screenshot_20221231-142926_Facebook-1-768x601.jpg 768w, https:\/\/www.lamandala.at\/wp-content\/uploads\/2023\/02\/Screenshot_20221231-142926_Facebook-1.jpg 1043w\" sizes=\"auto, (max-width: 767px) 89vw, (max-width: 1000px) 54vw, (max-width: 1071px) 543px, 580px\" \/><\/a><\/figure><\/div>\n\n\n<p class=\"has-text-align-center has-small-font-size\">Eine gro\u00dfe Ehre und Freude, dass sich meine Bilder in der sch\u00f6nen Umgebung im Verkaufslokal im 8. Wiener Bezirk einf\u00fcgen. An W\u00e4nden und im Fenster, zwischen Tresoren und viel handwerklichem K\u00f6nnen, findet ihr immer wieder neue Arbeiten von mir. Ich bin sehr dankbar f\u00fcr diese M\u00f6glichkeit und danke der Unternehmensgruppe Senft f\u00fcr ihr vorbildliches Miteinander. Ihr gebt der Kunst eine B\u00fchne und helft damit einer lebenden K\u00fcnstlerin sehr!<\/p>\n\n\n\n<figure class=\"wp-block-image size-large\"><img loading=\"lazy\" decoding=\"async\" width=\"1024\" height=\"506\" src=\"https:\/\/www.lamandala.at\/wp-content\/uploads\/2025\/11\/20251023-112355_z0M3SvAP-1024x506.jpg\" alt=\"\" class=\"wp-image-2529\" srcset=\"https:\/\/www.lamandala.at\/wp-content\/uploads\/2025\/11\/20251023-112355_z0M3SvAP-1024x506.jpg 1024w, https:\/\/www.lamandala.at\/wp-content\/uploads\/2025\/11\/20251023-112355_z0M3SvAP-300x148.jpg 300w, https:\/\/www.lamandala.at\/wp-content\/uploads\/2025\/11\/20251023-112355_z0M3SvAP-768x379.jpg 768w, https:\/\/www.lamandala.at\/wp-content\/uploads\/2025\/11\/20251023-112355_z0M3SvAP-1536x758.jpg 1536w, https:\/\/www.lamandala.at\/wp-content\/uploads\/2025\/11\/20251023-112355_z0M3SvAP-2048x1011.jpg 2048w\" sizes=\"auto, (max-width: 767px) 89vw, (max-width: 1000px) 54vw, (max-width: 1071px) 543px, 580px\" \/><\/figure>\n\n\n\n<p class=\"has-small-font-size\"><a href=\"https:\/\/www.senft.co.at\/\">https:\/\/www.senft.co.at\/<\/a><\/p>\n\n\n\n<p class=\"has-small-font-size\"><a href=\"https:\/\/tvthek.orf.at\/profile\/Studio-2\/13890037\/Studio-2\/14165538\/Tresore-kleine-Schraenke-mit-grosser-Wirkung\/15323231\">https:\/\/tvthek.orf.at\/profile\/Studio-2\/13890037\/Studio-2\/14165538\/Tresore-kleine-Schraenke-mit-grosser-Wirkung\/15323231<\/a><\/p>\n\n\n\n<p class=\"has-text-align-center has-small-font-size\">Diese sch\u00f6ne M\u00f6glichkeit hat mich zu der n\u00e4chsten gef\u00fchrt &#8211; zu etwas ganz Besonderem! Weiter unten erfahrt ihr mehr&#8230;<\/p>\n<\/div>\n<\/div>\n\n\n\n<h2 class=\"wp-block-heading has-text-align-center\"><strong>Tresore von Rottner &#8211; Hand bemalt von mir<\/strong><\/h2>\n\n\n<div class=\"wp-block-image\">\n<figure class=\"aligncenter size-large is-resized\"><a href=\"https:\/\/www.rottner-tresor.at\/\"><img loading=\"lazy\" decoding=\"async\" width=\"1024\" height=\"1024\" src=\"https:\/\/www.lamandala.at\/wp-content\/uploads\/2023\/05\/rottner-tresor-attersee_bubbles-vs-1024x1024.jpg\" alt=\"\" class=\"wp-image-797\" style=\"width:498px;height:auto\" srcset=\"https:\/\/www.lamandala.at\/wp-content\/uploads\/2023\/05\/rottner-tresor-attersee_bubbles-vs-1024x1024.jpg 1024w, https:\/\/www.lamandala.at\/wp-content\/uploads\/2023\/05\/rottner-tresor-attersee_bubbles-vs-300x300.jpg 300w, https:\/\/www.lamandala.at\/wp-content\/uploads\/2023\/05\/rottner-tresor-attersee_bubbles-vs-150x150.jpg 150w, https:\/\/www.lamandala.at\/wp-content\/uploads\/2023\/05\/rottner-tresor-attersee_bubbles-vs-768x768.jpg 768w, https:\/\/www.lamandala.at\/wp-content\/uploads\/2023\/05\/rottner-tresor-attersee_bubbles-vs-1536x1536.jpg 1536w, https:\/\/www.lamandala.at\/wp-content\/uploads\/2023\/05\/rottner-tresor-attersee_bubbles-vs-100x100.jpg 100w, https:\/\/www.lamandala.at\/wp-content\/uploads\/2023\/05\/rottner-tresor-attersee_bubbles-vs.jpg 1600w\" sizes=\"auto, (max-width: 767px) 89vw, (max-width: 1000px) 54vw, (max-width: 1071px) 543px, 580px\" \/><\/a><\/figure><\/div>\n\n\n<p class=\"has-text-align-center has-small-font-size\">Rottner Tresore hat das Leuchten f\u00fcr sich (und seine Kunden) entdeckt! \ud83e\udd29<br>Stolz und mehr als gl\u00fccklich darf ich nun die besonderen W\u00fcnsche neuer Tresorbesitzer verewigen. Denn das Verstecken eines Tresors ist oft nicht einfach und bei dieser Gr\u00f6\u00dfe schon gar nicht. Mit 160 Kilo wird ihn bestimmt keiner mitnehmen, also warum nicht in das optische Interieur einbauen? Als Kunstobjekt mit Funktionalit\u00e4t und viel Leuchtkraft! Etwas ganz neues, dem kaum Grenzen der Kreativit\u00e4t gesetzt sind, so vieles ist m\u00f6glich!<br>Sch\u00fctzt eure Wertgegenst\u00e4nde und erfreut euch an einem neuen, ganz besonderen Unikat in eurer Einrichtung.<\/p>\n\n\n<div class=\"wp-block-image\">\n<figure class=\"alignright size-large is-resized\"><img loading=\"lazy\" decoding=\"async\" width=\"503\" height=\"1024\" src=\"https:\/\/www.lamandala.at\/wp-content\/uploads\/2024\/02\/tresor-me-503x1024.jpg\" alt=\"\" class=\"wp-image-1681\" style=\"width:186px;height:auto\" srcset=\"https:\/\/www.lamandala.at\/wp-content\/uploads\/2024\/02\/tresor-me-503x1024.jpg 503w, https:\/\/www.lamandala.at\/wp-content\/uploads\/2024\/02\/tresor-me-147x300.jpg 147w, https:\/\/www.lamandala.at\/wp-content\/uploads\/2024\/02\/tresor-me-768x1564.jpg 768w, https:\/\/www.lamandala.at\/wp-content\/uploads\/2024\/02\/tresor-me-754x1536.jpg 754w, https:\/\/www.lamandala.at\/wp-content\/uploads\/2024\/02\/tresor-me-1006x2048.jpg 1006w, https:\/\/www.lamandala.at\/wp-content\/uploads\/2024\/02\/tresor-me.jpg 1202w\" sizes=\"auto, (max-width: 503px) 100vw, 503px\" \/><\/figure><\/div>\n\n\n<p class=\"has-text-align-center has-small-font-size\">Hier seht ihr das Ausstellungsst\u00fcck, das man am Sitz der Firma Rottner am Attersee live besichtigen kann. Viele Taucher, die versuchen viele Tresore zu knacken. Aber sie werden es nicht schaffen denn<br>Rottner is the spirit of safety!<\/p>\n\n\n\n<p class=\"has-small-font-size\"><a rel=\"noreferrer noopener\" href=\"https:\/\/deref-gmx.net\/mail\/client\/Oua8asdGB2M\/dereferrer\/?redirectUrl=https%3A%2F%2Fwww.rottner-tresor.at\" target=\"_blank\">https:\/\/www.rottner-tresor.at<\/a>\/<\/p>\n\n\n\n<figure class=\"wp-block-gallery has-nested-images columns-default is-cropped wp-block-gallery-1 is-layout-flex wp-block-gallery-is-layout-flex\">\n<figure class=\"wp-block-image size-large\"><img loading=\"lazy\" decoding=\"async\" width=\"1024\" height=\"1024\" data-id=\"798\" src=\"https:\/\/www.lamandala.at\/wp-content\/uploads\/2023\/05\/rottner-tresor-attersee_v-1024x1024.jpg\" alt=\"\" class=\"wp-image-798\" srcset=\"https:\/\/www.lamandala.at\/wp-content\/uploads\/2023\/05\/rottner-tresor-attersee_v-1024x1024.jpg 1024w, https:\/\/www.lamandala.at\/wp-content\/uploads\/2023\/05\/rottner-tresor-attersee_v-300x300.jpg 300w, https:\/\/www.lamandala.at\/wp-content\/uploads\/2023\/05\/rottner-tresor-attersee_v-150x150.jpg 150w, https:\/\/www.lamandala.at\/wp-content\/uploads\/2023\/05\/rottner-tresor-attersee_v-768x768.jpg 768w, https:\/\/www.lamandala.at\/wp-content\/uploads\/2023\/05\/rottner-tresor-attersee_v-1536x1536.jpg 1536w, https:\/\/www.lamandala.at\/wp-content\/uploads\/2023\/05\/rottner-tresor-attersee_v-100x100.jpg 100w, https:\/\/www.lamandala.at\/wp-content\/uploads\/2023\/05\/rottner-tresor-attersee_v.jpg 1600w\" sizes=\"auto, (max-width: 767px) 89vw, (max-width: 1000px) 54vw, (max-width: 1071px) 543px, 580px\" \/><\/figure>\n\n\n\n<figure class=\"wp-block-image size-large\"><img loading=\"lazy\" decoding=\"async\" width=\"1024\" height=\"1024\" data-id=\"802\" src=\"https:\/\/www.lamandala.at\/wp-content\/uploads\/2023\/05\/rottner-tresor-attersee_oben-1b-1024x1024.jpg\" alt=\"\" class=\"wp-image-802\" srcset=\"https:\/\/www.lamandala.at\/wp-content\/uploads\/2023\/05\/rottner-tresor-attersee_oben-1b-1024x1024.jpg 1024w, https:\/\/www.lamandala.at\/wp-content\/uploads\/2023\/05\/rottner-tresor-attersee_oben-1b-300x300.jpg 300w, https:\/\/www.lamandala.at\/wp-content\/uploads\/2023\/05\/rottner-tresor-attersee_oben-1b-150x150.jpg 150w, https:\/\/www.lamandala.at\/wp-content\/uploads\/2023\/05\/rottner-tresor-attersee_oben-1b-768x768.jpg 768w, https:\/\/www.lamandala.at\/wp-content\/uploads\/2023\/05\/rottner-tresor-attersee_oben-1b-1536x1536.jpg 1536w, https:\/\/www.lamandala.at\/wp-content\/uploads\/2023\/05\/rottner-tresor-attersee_oben-1b-100x100.jpg 100w, https:\/\/www.lamandala.at\/wp-content\/uploads\/2023\/05\/rottner-tresor-attersee_oben-1b.jpg 1600w\" sizes=\"auto, (max-width: 767px) 89vw, (max-width: 1000px) 54vw, (max-width: 1071px) 543px, 580px\" \/><figcaption class=\"wp-element-caption\">Oberseite<\/figcaption><\/figure>\n\n\n\n<figure class=\"wp-block-image size-large\"><img loading=\"lazy\" decoding=\"async\" width=\"1024\" height=\"1024\" data-id=\"801\" src=\"https:\/\/www.lamandala.at\/wp-content\/uploads\/2023\/05\/rottner-tresor-attersee_vs-1024x1024.jpg\" alt=\"\" class=\"wp-image-801\" srcset=\"https:\/\/www.lamandala.at\/wp-content\/uploads\/2023\/05\/rottner-tresor-attersee_vs-1024x1024.jpg 1024w, https:\/\/www.lamandala.at\/wp-content\/uploads\/2023\/05\/rottner-tresor-attersee_vs-300x300.jpg 300w, https:\/\/www.lamandala.at\/wp-content\/uploads\/2023\/05\/rottner-tresor-attersee_vs-150x150.jpg 150w, https:\/\/www.lamandala.at\/wp-content\/uploads\/2023\/05\/rottner-tresor-attersee_vs-768x768.jpg 768w, https:\/\/www.lamandala.at\/wp-content\/uploads\/2023\/05\/rottner-tresor-attersee_vs-1536x1536.jpg 1536w, https:\/\/www.lamandala.at\/wp-content\/uploads\/2023\/05\/rottner-tresor-attersee_vs-100x100.jpg 100w, https:\/\/www.lamandala.at\/wp-content\/uploads\/2023\/05\/rottner-tresor-attersee_vs.jpg 1600w\" sizes=\"auto, (max-width: 767px) 89vw, (max-width: 1000px) 54vw, (max-width: 1071px) 543px, 580px\" \/><\/figure>\n<\/figure>\n\n\n<div class=\"wp-block-image\">\n<figure class=\"aligncenter size-large is-resized\"><img loading=\"lazy\" decoding=\"async\" width=\"1024\" height=\"1024\" src=\"https:\/\/www.lamandala.at\/wp-content\/uploads\/2023\/05\/rottner-tresor-attersee_bubbles-hs-1024x1024.jpg\" alt=\"\" class=\"wp-image-799\" style=\"width:437px;height:auto\" srcset=\"https:\/\/www.lamandala.at\/wp-content\/uploads\/2023\/05\/rottner-tresor-attersee_bubbles-hs-1024x1024.jpg 1024w, https:\/\/www.lamandala.at\/wp-content\/uploads\/2023\/05\/rottner-tresor-attersee_bubbles-hs-300x300.jpg 300w, https:\/\/www.lamandala.at\/wp-content\/uploads\/2023\/05\/rottner-tresor-attersee_bubbles-hs-150x150.jpg 150w, https:\/\/www.lamandala.at\/wp-content\/uploads\/2023\/05\/rottner-tresor-attersee_bubbles-hs-768x768.jpg 768w, https:\/\/www.lamandala.at\/wp-content\/uploads\/2023\/05\/rottner-tresor-attersee_bubbles-hs-1536x1536.jpg 1536w, https:\/\/www.lamandala.at\/wp-content\/uploads\/2023\/05\/rottner-tresor-attersee_bubbles-hs-100x100.jpg 100w, https:\/\/www.lamandala.at\/wp-content\/uploads\/2023\/05\/rottner-tresor-attersee_bubbles-hs.jpg 1600w\" sizes=\"auto, (max-width: 767px) 89vw, (max-width: 1000px) 54vw, (max-width: 1071px) 543px, 580px\" \/><\/figure><\/div>\n\n\n<p class=\"has-text-align-center has-small-font-size\">Ein frei stehender Tresor, ganz nach Ihren W\u00fcnschen von Hand bemalt. Einzigartige Lichtkunst auf einem dreidimensionalem Objekt ist ein besonderes Erlebnis und ein au\u00dfergew\u00f6hnlicher Blickfang. Ihrer Kreativit\u00e4t sind keine Grenzen gesetzt, denn wenn man seinen bemalten Tresor unter ein dazu passendes Bild stellt, hat man seine eigene Kunstinstallation zu Hause. Ein Kunstwerk, das von der Wand auf das Objekt \u00fcbergeht und in einem anderen Licht noch einmal neu gefangen nimmt.<\/p>\n","protected":false},"excerpt":{"rendered":"<p>Vertreten durch Contemplor Galerie Kalvarienberggasse 46\/1170 Wien Mitglied der Kulturvernetzung N\u00d6 https:\/\/www.kulturvernetzung.at\/de\/lamandala\/ In Partnerschaft mit Region im Netz https:\/\/www.region-im-netz.at\/haendler\/la-manda-luminescent Vertreten in WinStage online Galerie https:\/\/winstage.at\/kunstler\/la-manda-luminescent\/ Natuzzi Austria Natuzzi\u202fItalia Concept Store Mahlerstra\u00dfe\u202f7\/ 1010\u202fWien SENFT Seit mehr als einem Jahrhundert \u00fcberzeugt die&nbsp;SENFT Unternehmensgruppe Kunden und Gesch\u00e4ftspartner mit&nbsp;un\u00fcbertroffener, handwerklicher Qualit\u00e4t.&nbsp; Neben dem Angebot an Sicherheitstechnik wie T\u00fcrschl\u00f6ssern, Schlie\u00dfanlagen, &hellip; <\/p>\n<p class=\"link-more\"><a href=\"https:\/\/www.lamandala.at\/?page_id=379\" class=\"more-link\">Continue reading<span class=\"screen-reader-text\"> &#8220;Exhibitions&#038;Partnerships&#8221;<\/span><\/a><\/p>\n","protected":false},"author":1,"featured_media":0,"parent":0,"menu_order":0,"comment_status":"closed","ping_status":"closed","template":"","meta":{"_eb_attr":"","footnotes":""},"class_list":["post-379","page","type-page","status-publish","hentry"],"_links":{"self":[{"href":"https:\/\/www.lamandala.at\/index.php?rest_route=\/wp\/v2\/pages\/379","targetHints":{"allow":["GET"]}}],"collection":[{"href":"https:\/\/www.lamandala.at\/index.php?rest_route=\/wp\/v2\/pages"}],"about":[{"href":"https:\/\/www.lamandala.at\/index.php?rest_route=\/wp\/v2\/types\/page"}],"author":[{"embeddable":true,"href":"https:\/\/www.lamandala.at\/index.php?rest_route=\/wp\/v2\/users\/1"}],"replies":[{"embeddable":true,"href":"https:\/\/www.lamandala.at\/index.php?rest_route=%2Fwp%2Fv2%2Fcomments&post=379"}],"version-history":[{"count":153,"href":"https:\/\/www.lamandala.at\/index.php?rest_route=\/wp\/v2\/pages\/379\/revisions"}],"predecessor-version":[{"id":2760,"href":"https:\/\/www.lamandala.at\/index.php?rest_route=\/wp\/v2\/pages\/379\/revisions\/2760"}],"wp:attachment":[{"href":"https:\/\/www.lamandala.at\/index.php?rest_route=%2Fwp%2Fv2%2Fmedia&parent=379"}],"curies":[{"name":"wp","href":"https:\/\/api.w.org\/{rel}","templated":true}]}}