{"id":105,"date":"2023-02-07T09:34:32","date_gmt":"2023-02-07T08:34:32","guid":{"rendered":"https:\/\/www.lamandala.at\/?page_id=105"},"modified":"2026-04-11T12:15:34","modified_gmt":"2026-04-11T10:15:34","slug":"gallery","status":"publish","type":"page","link":"https:\/\/www.lamandala.at\/","title":{"rendered":"News"},"content":{"rendered":"\n<div class=\"wp-block-group\"><div class=\"wp-block-group__inner-container is-layout-constrained wp-block-group-is-layout-constrained\">\n<div class=\"wp-block-columns is-layout-flex wp-container-core-columns-is-layout-1 wp-block-columns-is-layout-flex\">\n<div class=\"wp-block-column is-layout-flow wp-block-column-is-layout-flow\" style=\"flex-basis:100%\"><\/div>\n<\/div>\n<\/div><\/div>\n\n\n\n<details class=\"wp-block-details has-small-font-size is-layout-flow wp-block-details-is-layout-flow\"><summary>Laufende Solo-Ausstellung<br><strong>09.04. bis vorraussichtlich Ende Mai 2026 <\/strong>Krummnussbaum\/N\u00d6<\/summary>\n<p><strong>&#8216;Auf den Pfaden des wei\u00dfen Hasen&#8217; &#8211; im frei zug\u00e4nglichen Art Space <\/strong>im Ortszentrum &#8211; Marktplatz 1\/3375 Krummnussbaum<\/p>\n\n\n\n<p>Ich pr\u00e4sentiere meine neue Bildreihe, die sich mit den f\u00fcnf Elementen der japanischen Philosophie auseinander setzt. Der Botschafter versteckter Weisheiten ist unverkennbar unser wei\u00dfes Kaninchen. Folgt ihm und findet, was ihr finden m\u00fcsst&#8230; <\/p>\n<\/details>\n\n\n\n<details class=\"wp-block-details has-small-font-size is-layout-flow wp-block-details-is-layout-flow\"><summary>Laufende Ausstellung<br>WinStage Wiener Neustadt &#8211; jeden 1. Freitag im Monat feiern wir Blacklight Friday!<\/summary>\n<p>Der n\u00e4chste findet am 08.05. statt, 16:30-18:00<\/p>\n\n\n\n<p>Ein Blick in den ersten Blacklight Friday: <a href=\"https:\/\/youtu.be\/jFjCZffWU6Q?si=yfONqDBAq7Bk_ve8\">https:\/\/youtu.be\/jFjCZffWU6Q?si=yfONqDBAq7Bk_ve8<\/a><\/p>\n<\/details>\n\n\n\n<details class=\"wp-block-details has-small-font-size is-layout-flow wp-block-details-is-layout-flow\"><summary>N\u00e4chste Gruppenausstellung<br><strong>26.05.-05.06.2026 <\/strong>Galerie Contemplor<\/summary>\n<p>Vis Lucis &#8211; Kraft des Lichts<\/p>\n\n\n\n<p>Die Dunkelheit im Hintergrund &#8211; Ausstellung mit Lichtobjekten und beleuchteten Bildern. Die perfekte Gelegenheit f\u00fcr alle, die unser wei\u00dfes Kaninchen als \u00dcbermittler f\u00fcr die Elemente der japanischen Philosophie erleben m\u00f6chten &#8211; und das in Wien!<\/p>\n\n\n\n<p>Vernissage 26.05. 19 Uhr<\/p>\n\n\n\n<p>Finissage 05.06. 19 Uhr <\/p>\n\n\n\n<p>Kalvarienberggasse 46\/1170 Wien<\/p>\n<\/details>\n","protected":false},"excerpt":{"rendered":"","protected":false},"author":1,"featured_media":0,"parent":0,"menu_order":0,"comment_status":"closed","ping_status":"closed","template":"","meta":{"_eb_attr":"","footnotes":""},"class_list":["post-105","page","type-page","status-publish","hentry"],"_links":{"self":[{"href":"https:\/\/www.lamandala.at\/index.php?rest_route=\/wp\/v2\/pages\/105","targetHints":{"allow":["GET"]}}],"collection":[{"href":"https:\/\/www.lamandala.at\/index.php?rest_route=\/wp\/v2\/pages"}],"about":[{"href":"https:\/\/www.lamandala.at\/index.php?rest_route=\/wp\/v2\/types\/page"}],"author":[{"embeddable":true,"href":"https:\/\/www.lamandala.at\/index.php?rest_route=\/wp\/v2\/users\/1"}],"replies":[{"embeddable":true,"href":"https:\/\/www.lamandala.at\/index.php?rest_route=%2Fwp%2Fv2%2Fcomments&post=105"}],"version-history":[{"count":453,"href":"https:\/\/www.lamandala.at\/index.php?rest_route=\/wp\/v2\/pages\/105\/revisions"}],"predecessor-version":[{"id":2806,"href":"https:\/\/www.lamandala.at\/index.php?rest_route=\/wp\/v2\/pages\/105\/revisions\/2806"}],"wp:attachment":[{"href":"https:\/\/www.lamandala.at\/index.php?rest_route=%2Fwp%2Fv2%2Fmedia&parent=105"}],"curies":[{"name":"wp","href":"https:\/\/api.w.org\/{rel}","templated":true}]}}